{"id":54,"date":"2019-07-12T23:01:17","date_gmt":"2019-07-12T23:01:17","guid":{"rendered":"https:\/\/www.leflamand-band.com\/?page_id=54"},"modified":"2024-09-21T07:08:56","modified_gmt":"2024-09-21T07:08:56","slug":"albums","status":"publish","type":"page","link":"https:\/\/www.leflamand-band.com\/index.php\/albums\/","title":{"rendered":"ALBUM"},"content":{"rendered":"<p>[vc_row][vc_column][vc_column_text]<img loading=\"lazy\" decoding=\"async\" class=\" wp-image-8491 alignleft\" src=\"https:\/\/www.leflamand-band.com\/wp-content\/uploads\/2019\/07\/cdcover-300x300.jpg\" alt=\"\" width=\"490\" height=\"490\" srcset=\"https:\/\/www.leflamand-band.com\/wp-content\/uploads\/2019\/07\/cdcover-300x300.jpg 300w, https:\/\/www.leflamand-band.com\/wp-content\/uploads\/2019\/07\/cdcover-150x150.jpg 150w, https:\/\/www.leflamand-band.com\/wp-content\/uploads\/2019\/07\/cdcover-768x768.jpg 768w, https:\/\/www.leflamand-band.com\/wp-content\/uploads\/2019\/07\/cdcover-1024x1024.jpg 1024w, https:\/\/www.leflamand-band.com\/wp-content\/uploads\/2019\/07\/cdcover.jpg 1904w\" sizes=\"(max-width: 490px) 100vw, 490px\" \/><\/p>\n<p><span style=\"color: #808000;\"><em>Beluister het volledige album <span style=\"text-decoration: underline;\"><a style=\"color: #808000; text-decoration: underline;\" href=\"https:\/\/l.instagram.com\/?u=https%3A%2F%2Fopen.spotify.com%2Falbum%2F0naVUF2o6zUF84VgHZ4Mz4%3Fsi%3DnUuL_c5WQmC0NxETo05OlQ&amp;e=AT13QHjx9rvrNeiAYFIDVuYrg8xz1fITTXGjx5DaM5rTYFwg_GHIhaBPdki4ELZPKB7GB0SVOcn3Ye__bPdE0GkpWX4Fqew1l26cKg\"><strong>hier<\/strong><\/a><\/span> op Spotify!<\/em><\/span><\/p>\n<p>En collaboration avec le producteur Jean-Pierre Kerkhofs (ArtSound Recording Studios), Le Flamand vient de r\u00e9aliser son premier album \u2018La Route du Nord\u2019.<\/p>\n<p>Paroles et musique: Kurt Vanhengel, Lieven Tavernier (pour &#8216;La fanfare de famine&#8217;), Herman de Coninck (pour le texte originel en n\u00e9erlandais de &#8216;Port-Cros, le soir&#8217;), Theo Beckers (pour la m\u00e9lodie du refrain de &#8216;Vive la mer dor\u00e9e&#8217;) \/ Producteur: Jean-Pierre Kerkhofs (ArtSound Recording Studios) \/ Assistant de production: Eric Emael \/ Arrangements chanson 2 \u00e0 11: Rogier van Wegberg \/ Arrangements pour les violons: Geert Keysers \/ Arrangements pour les cuivres: Yves Wuyts \/ Mastering: Jens Dreesen (Universe of the ears)<\/p>\n<p>Musiciens: Rogier van Wegberg (basse \u00e9lectrique) \/ Arnold van Dongen (guitare classique &#8211; de folk &#8211; \u00e9lectrique) \/ Carlo Ooms (guitare classique &#8211; de folk &#8211; \u00e9lectrique &#8211; ukul\u00e9l\u00e9) \/ Erik Rutjes (guitare de folk &#8211; \u00e9lectrique) \/ Ronald Kool (piano &#8211; orgue hammond &#8211; orgue \u00e9lectrique) \/ Alfred Krauss (accord\u00e9on) \/ Hilde Pijnenborg (violon) Kirsten de Witte (alto) \/ \/ Maaike Organe (violoncelle) \/ Philip Kerkhofs (batterie) \/ Yves Wuyts (bugle &#8211; trompette) \/ Thomas Schampaert (corne) \/ Drik Vanmanshoven (trombone) \/ Jan Mertens (piccolo) \/ Dries Desmet (cornemuse &#8211; fiddle) \/ Corneel Hamal (grosse caisse &#8211; cymbales) \/ Jean-Pierre Kerkhofs (piano, glockenspiel) \/ Kurt Vanhengel (harmonica)[\/vc_column_text][\/vc_column][\/vc_row][vc_row][vc_column][vc_column_text]<\/p>\n\n\n<\/p>\n<figure class=\"wp-block-audio alignleft\"><audio src=\"https:\/\/www.leflamand-band.com\/wp-content\/uploads\/2019\/07\/01-La-Route-du-Nord.wav\" controls=\"controls\"><\/audio><\/p>\n<figcaption>01 La Route du Nord<\/figcaption>\n<\/figure>\n<p>\n\n\n<\/p>\n\n\n<\/p>\n<figure class=\"wp-block-audio alignleft\"><audio src=\"https:\/\/www.leflamand-band.com\/wp-content\/uploads\/2019\/07\/02-Allons-vers-les-digues.wav\" controls=\"controls\"><\/audio><\/p>\n<figcaption>02 Allons vers les digues<\/figcaption>\n<\/figure>\n\n\n<figure class=\"wp-block-audio alignleft\"><audio src=\"https:\/\/www.leflamand-band.com\/wp-content\/uploads\/2019\/07\/03-Car-la-vie-mattendait-1.wav\" controls=\"controls\"><\/audio><\/p><figcaption>03 Car la vie m&#8217;attendait<\/figcaption><\/figure>\n<p>&nbsp;<\/p>\n\n\n<figure class=\"wp-block-audio alignleft\"><audio src=\"https:\/\/www.leflamand-band.com\/wp-content\/uploads\/2019\/07\/04-Soledad.wav\" controls=\"controls\"><\/audio><\/p>\n<figcaption>04 Soledad<\/figcaption>\n<\/figure>\n<p>\n\n\n<\/p>\n\n\n<\/p>\n<figure class=\"wp-block-audio alignleft\"><audio src=\"https:\/\/www.leflamand-band.com\/wp-content\/uploads\/2019\/07\/05-La-fanfare-de-famine.wav\" controls=\"controls\"><\/audio><\/p>\n<figcaption>05 La fanfare de famine<\/figcaption>\n<\/figure>\n<p>\n\n\n<\/p>\n\n\n<\/p>\n<figure class=\"wp-block-audio alignleft\"><audio src=\"https:\/\/www.leflamand-band.com\/wp-content\/uploads\/2019\/07\/06-Champs-jaunes-de-colza.wav\" controls=\"controls\"><\/audio><\/p>\n<figcaption>06 Champs jaunes de colza<\/figcaption>\n<\/figure>\n<p>\n\n\n<\/p>\n\n\n<\/p>\n<figure class=\"wp-block-audio alignleft\"><audio src=\"https:\/\/www.leflamand-band.com\/wp-content\/uploads\/2019\/07\/07-Port-Cros-le-soir.wav\" controls=\"controls\"><\/audio><\/p>\n<figcaption>07 Port-Cros, le soir<\/figcaption>\n<\/figure>\n<p>\n\n\n<\/p>\n\n\n<\/p>\n<figure class=\"wp-block-audio alignleft\"><audio src=\"https:\/\/www.leflamand-band.com\/wp-content\/uploads\/2019\/07\/08-Pince-moi-je-r\u00eave.wav\" controls=\"controls\"><\/audio><\/p>\n<figcaption>08 Pince-moi, je r\u00eave<\/figcaption>\n<\/figure>\n<p>\n\n\n<\/p>\n\n\n<\/p>\n<figure class=\"wp-block-audio alignleft\"><audio src=\"https:\/\/www.leflamand-band.com\/wp-content\/uploads\/2019\/07\/09-Lettre-de-guerre.wav\" controls=\"controls\"><\/audio><\/p>\n<figcaption>09 Lettre de guerre<\/figcaption>\n<\/figure>\n<p>\n\n\n<\/p>\n\n\n<\/p>\n<figure class=\"wp-block-audio alignleft\"><audio src=\"https:\/\/www.leflamand-band.com\/wp-content\/uploads\/2019\/07\/10-Vieux-p\u00eacheur.wav\" controls=\"controls\"><\/audio><\/p>\n<figcaption>10 Vieux p\u00eacheur<\/figcaption>\n<\/figure>\n<p>\n\n\n<\/p>\n\n\n<\/p>\n<figure class=\"wp-block-audio alignleft\"><audio src=\"https:\/\/www.leflamand-band.com\/wp-content\/uploads\/2019\/07\/11-Vive-la-mer-dor\u00e9e.wav\" controls=\"controls\"><\/audio><\/p>\n<figcaption>11 Vive la mer dor\u00e9e<\/figcaption>\n<\/figure>\n<p>\n\n\n<\/p>\n\n\n<\/p>\n<figure class=\"wp-block-audio alignleft\"><audio src=\"https:\/\/www.leflamand-band.com\/wp-content\/uploads\/2019\/07\/12-Ce-nest-quune-chanson.wav\" controls=\"controls\"><\/audio><\/p>\n<figcaption>12 Ce n&#8217;est qu&#8217;une chanson<\/figcaption>\n<\/figure>\n<p>\n\n\n<\/p>\n\n\n<p><\/p>\n\n\n<p>&nbsp;[\/vc_column_text][\/vc_column][\/vc_row]<\/p>","protected":false},"excerpt":{"rendered":"<p>[vc_row][vc_column][vc_column_text] Beluister het volledige album hier op Spotify! En collaboration avec le producteur Jean-Pierre Kerkhofs (ArtSound Recording Studios), Le Flamand [&hellip;]<\/p>\n","protected":false},"author":1,"featured_media":0,"parent":0,"menu_order":0,"comment_status":"closed","ping_status":"closed","template":"","meta":{"ngg_post_thumbnail":0,"footnotes":""},"_links":{"self":[{"href":"https:\/\/www.leflamand-band.com\/index.php\/wp-json\/wp\/v2\/pages\/54"}],"collection":[{"href":"https:\/\/www.leflamand-band.com\/index.php\/wp-json\/wp\/v2\/pages"}],"about":[{"href":"https:\/\/www.leflamand-band.com\/index.php\/wp-json\/wp\/v2\/types\/page"}],"author":[{"embeddable":true,"href":"https:\/\/www.leflamand-band.com\/index.php\/wp-json\/wp\/v2\/users\/1"}],"replies":[{"embeddable":true,"href":"https:\/\/www.leflamand-band.com\/index.php\/wp-json\/wp\/v2\/comments?post=54"}],"version-history":[{"count":32,"href":"https:\/\/www.leflamand-band.com\/index.php\/wp-json\/wp\/v2\/pages\/54\/revisions"}],"predecessor-version":[{"id":8767,"href":"https:\/\/www.leflamand-band.com\/index.php\/wp-json\/wp\/v2\/pages\/54\/revisions\/8767"}],"wp:attachment":[{"href":"https:\/\/www.leflamand-band.com\/index.php\/wp-json\/wp\/v2\/media?parent=54"}],"curies":[{"name":"wp","href":"https:\/\/api.w.org\/{rel}","templated":true}]}}