{"id":8500,"date":"2019-07-18T19:34:45","date_gmt":"2019-07-18T19:34:45","guid":{"rendered":"https:\/\/www.leflamand-band.com\/?page_id=8500"},"modified":"2019-07-19T22:56:55","modified_gmt":"2019-07-19T22:56:55","slug":"la-route-du-nord","status":"publish","type":"page","link":"https:\/\/www.leflamand-band.com\/index.php\/lyrics\/la-route-du-nord\/","title":{"rendered":"La Route du Nord"},"content":{"rendered":"<p>[vc_row][vc_column][vc_column_text]<\/p>\n\n\n<div class=\"wp-block-columns has-2-columns is-layout-flex wp-container-core-columns-is-layout-1 wp-block-columns-is-layout-flex\">\n<div class=\"wp-block-column is-layout-flow wp-block-column-is-layout-flow\">\n<p>Elle avait pris la Route du Nord<br \/>\nEn regardant les hirondelles qui s\u2019envolaient<br \/>\nAvec un coeur qui battait fort<br \/>\nAvec son \u00e2me sur les pav\u00e9s<\/p>\n<p>\n\n\n\nElle avait pris la Route du Nord<br \/>\nA la recherche d\u2019un petit grain d\u2019\u00e9ternit\u00e9<br \/>\nAfin de retarder la mort<br \/>\nA la recherche de son sort<br \/>\nA la recherche de son sort<\/p>\n<p>\n\n\n\nElle avait pris la Route du Nord<br \/>\nDans l\u2019ignorance si Dieu pourrait lui pardonner<br \/>\nPortant le deuil de ses remords<br \/>\nAvec des yeux qui font pleurer<\/p>\n<p>\n\n\n\nElle avait pris la Route du Nord<br \/>\nEn demandant au vent de pouvoir lui parler<br \/>\nAvec son innocence d\u2019antan<br \/>\nTournant une page de son pass\u00e9<br \/>\nTournant une page de son pass\u00e9<\/p>\n<p>\n\n\n\nElle parcourait le paysage d\u00e9sol\u00e9<br \/>\nCent mille fois d\u00e9j\u00e0 partie dans ses pens\u00e9es<br \/>\nElle avait simplement suivi son coeur<br \/>\nUn coeur qui avait dit<br \/>\nQu\u2019il \u00e9tait temps de dire adieu et de se quitter<br \/>\nQu\u2019il \u00e9tait temps de dire adieu et de se quitter<\/p>\n<p>\n\n\n\nEt puis, j\u2019ai pris la Route du Nord<br \/>\nAvec un sac \u00e0 dos, jusqu\u2019\u00e0 la corde us\u00e9<br \/>\nRempli de r\u00eaveries d\u2019antan<br \/>\nA sa recherche, sans m\u2019arr\u00eater<\/p>\n<p>\n\n\n\nEt puis, j\u2019ai pris la Route du Nord<br \/>\nErrant le long d\u2019anciennes briquetteries plomb\u00e9es<br \/>\nAvec un coeur qui battait fort<br \/>\nAvec mon \u00e2me sur les pav\u00e9s<br \/>\nAvec mon \u00e2me sur les pav\u00e9s<\/p>\n<p>\n<\/div>\n\n\n<div class=\"wp-block-column\">\n<p>Ze had de weg naar het noorden genomen<br>\nKijkend naar de wegtrekkende zwaluwen<br>\nMet een hevig bonzend hart<br>\nMet haar ziel op de straatstenen<\/p>\n<p><!-- \/wp:paragraph --><!-- wp:paragraph -->Ze had de weg naar het noorden genomen<br>\nOp zoek naar een klein beetje eeuwigheid<br>\nOp zoek naar een klein beetje onsterfelijkheid<br>\nOp zoek naar haar lot<br>\nOp zoek naar haar lot<\/p>\n<p><!-- \/wp:paragraph --><!-- wp:paragraph -->Ze had de weg naar het noorden genomen<br>\nOnwetend of God haar zou kunnen vergeven<br>\nDroeg ze de rouw van haar knagend geweten<br>\nMet ogen die doen huilen<\/p>\n<p><!-- \/wp:paragraph --><!-- wp:paragraph -->Ze had de weg naar het noorden genomen<br>\nEn ze vroeg of ze met de wind mocht spreken<br>\nMet haar kinderlijke onschuld van vroeger<br>\nSloeg ze een bladzijde van haar verleden om<br>\nSloeg ze een bladzijde van haar verleden om<\/p>\n<p><!-- \/wp:paragraph --><!-- wp:paragraph -->Ze dwaalde door het verlaten landschap<br>\nAl ontelbaar vaak in gedachten vertrokken<br>\nZe had gewoonweg haar hart gevolgd<br>\nEen hart dat had verteld dat het tijd was<br>\nOm vaarwel te zeggen en uit elkaar te gaan<br>\nOm vaarwel te zeggen en uit elkaar te gaan<\/p>\n<p><!-- \/wp:paragraph --><!-- wp:paragraph -->Ik heb toen de weg naar het noorden genomen<br>\nMet een tot op de draad versleten rugzak<br>\nGevuld met herinneringen aan vroeger<br>\nOnophoudelijk op zoek naar haar<\/p>\n<p><!-- \/wp:paragraph --><!-- wp:paragraph -->Ik heb toen de weg naar het noorden genomen<br>\nZwervend langs grijze, oude steenbakkerijen<br>\nMet een hevig bonzend hart<br>\nMet mijn ziel op de straatstenen<br>\nMet mijn ziel op de straatstenen<\/p>\n<\/div>\n\n<p>[\/vc_column_text][\/vc_column][\/vc_row]<\/p>","protected":false},"excerpt":{"rendered":"<p>[vc_row][vc_column][vc_column_text] Elle avait pris la Route du Nord En regardant les hirondelles qui s\u2019envolaient Avec un coeur qui battait fort [&hellip;]<\/p>\n","protected":false},"author":1,"featured_media":0,"parent":56,"menu_order":1,"comment_status":"closed","ping_status":"closed","template":"","meta":{"ngg_post_thumbnail":0,"footnotes":""},"_links":{"self":[{"href":"https:\/\/www.leflamand-band.com\/index.php\/wp-json\/wp\/v2\/pages\/8500"}],"collection":[{"href":"https:\/\/www.leflamand-band.com\/index.php\/wp-json\/wp\/v2\/pages"}],"about":[{"href":"https:\/\/www.leflamand-band.com\/index.php\/wp-json\/wp\/v2\/types\/page"}],"author":[{"embeddable":true,"href":"https:\/\/www.leflamand-band.com\/index.php\/wp-json\/wp\/v2\/users\/1"}],"replies":[{"embeddable":true,"href":"https:\/\/www.leflamand-band.com\/index.php\/wp-json\/wp\/v2\/comments?post=8500"}],"version-history":[{"count":7,"href":"https:\/\/www.leflamand-band.com\/index.php\/wp-json\/wp\/v2\/pages\/8500\/revisions"}],"predecessor-version":[{"id":8536,"href":"https:\/\/www.leflamand-band.com\/index.php\/wp-json\/wp\/v2\/pages\/8500\/revisions\/8536"}],"up":[{"embeddable":true,"href":"https:\/\/www.leflamand-band.com\/index.php\/wp-json\/wp\/v2\/pages\/56"}],"wp:attachment":[{"href":"https:\/\/www.leflamand-band.com\/index.php\/wp-json\/wp\/v2\/media?parent=8500"}],"curies":[{"name":"wp","href":"https:\/\/api.w.org\/{rel}","templated":true}]}}