{"id":8541,"date":"2019-07-19T20:08:57","date_gmt":"2019-07-19T20:08:57","guid":{"rendered":"https:\/\/www.leflamand-band.com\/?page_id=8541"},"modified":"2019-07-21T13:38:19","modified_gmt":"2019-07-21T13:38:19","slug":"allons-vers-les-digues","status":"publish","type":"page","link":"https:\/\/www.leflamand-band.com\/index.php\/lyrics\/allons-vers-les-digues\/","title":{"rendered":"Allons vers les digues"},"content":{"rendered":"<p>[vc_row][vc_column][vc_column_text]<\/p>\n<div class=\"wp-block-columns has-2-columns is-layout-flex wp-container-core-columns-is-layout-1 wp-block-columns-is-layout-flex\">\n<div class=\"wp-block-column is-layout-flow wp-block-column-is-layout-flow\">\n<p>On na\u00eet et on crie,<br>On joue, on grandit<br>On essaie d\u2019\u00e9viter<br>Tous les pi\u00e8ges de la vie<\/p>\n<p>On tr\u00e9buche, on \u00e9choue,<br>Puis, on fait de son mieux<br>Pour se mettre debout<br>On vieillit comme un vieux<br>Avant l\u2019\u00e2ge endormi<\/p>\n<p>Ceux qui cherchent<br>Dans le vide, vont trouver<br>Ceux qui cherchent dans le vide<\/p>\n<p>Ceux qui cherchent<br>Dans le vide, vont trouver<br>Ceux qui cherchent dans le vide<\/p>\n<p>Allons vers les digues<br>Allons vers les digues<br>Allons vers les digues<br>Pour les renverser<\/p>\n<p>A voir si tu viens<br>Allons vers les digues<br>Car l\u00e0, tout ce qui tient<br>Nous emp\u00eache de r\u00eaver<\/p>\n<p>A l\u2019abri des remparts<br>J\u2019ai v\u00e9cu trop longtemps<br>Sans savoir \u00e0 quoi sert<br>La beaut\u00e9 des saisons<\/p>\n<p>A l\u2019abri des remparts<br>Je faisais de la prison<br>Dans mon propre donjon<br>Il n\u2019est jamais trop tard<br>S\u2019\u00e9garer, \u00e7a s\u2019apprend<\/p>\n<p>Allons vers les digues<br>Allons vers les digues<br>Allons vers les digues<br>Pour les renverser<\/p>\n<p>A voir si tu viens<br>Allons vers les digues<br>Car l\u00e0, tout ce qui tient<br>Nous emp\u00eache de r\u00eaver<\/p>\n<p>A voir si tu viens<br>Courbons le destin<br>Allons vers les digues&#8230;<\/p>\n\n<\/div>\n\n<div class=\"wp-block-column\">\n<p>We worden geboren en we schreeuwen<br>We spelen, we groeien op<br>We proberen alle valkuilen<br>Van het leven te vermijden<\/p>\n<p>We struikelen, we falen<br>En daarna doen we ons best<br>Om weer overeind te krabbelen<br>Vroegtijdig oud en vroegtijdig<br>Ingeslapen worden we ouder<\/p>\n<p>Zij die zoeken<br>In de leegte, zullen vinden<br>Zij die zoeken in de leegte<\/p>\n<p>Zij die zoeken<br>In de leegte, zullen vinden<br>Zij die zoeken in de leegte<\/p>\n<p>Laten we naar de dijken gaan<br>Laten we naar de dijken gaan<br>Laten we naar de dijken gaan<br>Om ze omver te duwen<\/p>\n<p>Eens zien of je komt<br>Laten we naar de dijken gaan<br>Want alles wat daar steek- en standhoudt<br>Staat onze dromen in de weg<\/p>\n<p>Onder de beschutting van versterkte muren<br>Heb ik te lang geleefd<br>Zonder te weten waarom<br>De seizoenen zo mooi zijn<\/p>\n<p>Onder de beschutting van versterkte muren<br>Zat ik in de gevangenis<br>Van mijn eigen burchttoren<br>Het is nooit te laat<br>Verdwalen kun je leren<\/p>\n<p>Laten we naar de dijken gaan<br>Laten we naar de dijken gaan<br>Laten we naar de dijken gaan<br>Om ze omver te duwen<\/p>\n<p>Eens zien of je komt<br>Laten we naar de dijken gaan<br>Want alles wat daar steek- en standhoudt<br>Staat onze dromen in de weg<\/p>\n<p>Eens zien of je komt<br>Laten we het lot ombuigen<br>Laten we naar de dijken gaan<\/p>\n<\/div>\n<\/div>\n<p>[\/vc_column_text][\/vc_column][\/vc_row]<\/p>\n","protected":false},"excerpt":{"rendered":"<p>[vc_row][vc_column][vc_column_text] On na\u00eet et on crie,On joue, on granditOn essaie d\u2019\u00e9viterTous les pi\u00e8ges de la vie On tr\u00e9buche, on \u00e9choue,Puis, [&hellip;]<\/p>\n","protected":false},"author":1,"featured_media":0,"parent":56,"menu_order":2,"comment_status":"closed","ping_status":"closed","template":"","meta":{"ngg_post_thumbnail":0,"footnotes":""},"_links":{"self":[{"href":"https:\/\/www.leflamand-band.com\/index.php\/wp-json\/wp\/v2\/pages\/8541"}],"collection":[{"href":"https:\/\/www.leflamand-band.com\/index.php\/wp-json\/wp\/v2\/pages"}],"about":[{"href":"https:\/\/www.leflamand-band.com\/index.php\/wp-json\/wp\/v2\/types\/page"}],"author":[{"embeddable":true,"href":"https:\/\/www.leflamand-band.com\/index.php\/wp-json\/wp\/v2\/users\/1"}],"replies":[{"embeddable":true,"href":"https:\/\/www.leflamand-band.com\/index.php\/wp-json\/wp\/v2\/comments?post=8541"}],"version-history":[{"count":3,"href":"https:\/\/www.leflamand-band.com\/index.php\/wp-json\/wp\/v2\/pages\/8541\/revisions"}],"predecessor-version":[{"id":8662,"href":"https:\/\/www.leflamand-band.com\/index.php\/wp-json\/wp\/v2\/pages\/8541\/revisions\/8662"}],"up":[{"embeddable":true,"href":"https:\/\/www.leflamand-band.com\/index.php\/wp-json\/wp\/v2\/pages\/56"}],"wp:attachment":[{"href":"https:\/\/www.leflamand-band.com\/index.php\/wp-json\/wp\/v2\/media?parent=8541"}],"curies":[{"name":"wp","href":"https:\/\/api.w.org\/{rel}","templated":true}]}}