{"id":8546,"date":"2019-07-19T20:12:55","date_gmt":"2019-07-19T20:12:55","guid":{"rendered":"https:\/\/www.leflamand-band.com\/?page_id=8546"},"modified":"2019-07-19T22:56:12","modified_gmt":"2019-07-19T22:56:12","slug":"soledad","status":"publish","type":"page","link":"https:\/\/www.leflamand-band.com\/index.php\/lyrics\/soledad\/","title":{"rendered":"Soledad"},"content":{"rendered":"<p>[vc_row][vc_column][vc_column_text]<\/p>\n<div class=\"wp-block-columns has-2-columns is-layout-flex wp-container-core-columns-is-layout-1 wp-block-columns-is-layout-flex\">\n<div class=\"wp-block-column is-layout-flow wp-block-column-is-layout-flow\">\n<p>Soledad, tanto tiempo no te v\u00ed<br \/>\nSoledad, ya no te reconoc\u00ed<br \/>\nSoledad, en malos tiempos est\u00e1s aqu\u00ed<br \/>\nMe duele tu presencia,<br \/>\nMe duele tu presencia, soledad<\/p>\n<p>Soledad, tu desaliento me toc\u00f3<br \/>\nSoledad, envejeciste, como yo<br \/>\nSoledad, una morena me dej\u00f3<br \/>\nMe duele su ausencia,<br \/>\nMe duele tu ausencia, soledad<\/p>\n<p>Me quedo atr\u00e1s herido<br \/>\nMe voy a descansar<br \/>\nTe contar\u00e9 mis penas<br \/>\nSi quieres escuchar<\/p>\n<p>Soledad, api\u00e1date de m\u00ed<br \/>\nPago yo, si\u00e9ntate aqu\u00ed<br \/>\nSoledad, tanto tiempo no te v\u00ed<br \/>\nBrindemos por la vida<br \/>\nBrindemos por la vida, soledad<\/p>\n<p>Me quedo atr\u00e1s herido<br \/>\nMe voy a descansar<br \/>\nTe contar\u00e9 mis penas<br \/>\nSi quieres escuchar<br \/>\nSoledad, api\u00e1date de m\u00ed<br \/>\nPago yo, si\u00e9ntate aqu\u00ed<br \/>\nSoledad, tanto tiempo no te v\u00ed<br \/>\nBrindemos por la vida<br \/>\nBrindemos por la vida, soledad<\/p>\n<p>Brindemos por la vida<br \/>\nBrindemos por la vida, soledad<\/p>\n\n<\/div>\n\n<div class=\"wp-block-column\">\n<p>Eenzaamheid, ik heb je zolang niet meer gezien<br \/>\nEenzaamheid, ik herkende je niet meer<br \/>\nEenzaamheid, in slechte tijden ben je hier<br \/>\nJe aanwezigheid doet me pijn<br \/>\nJe aanwezigheid doet me pijn, eenzaamheid<\/p>\n<p>Eenzaamheid, je somberheid nam bezit van mij<br \/>\nEenzaamheid, je bent ouder geworden, net als ik<br \/>\nEenzaamheid, een zigeunerin heeft me verlaten<br \/>\nHaar afwezigheid doet me pijn<br \/>\nHaar afwezigheid doet me pijn, eenzaamheid<\/p>\n<p>Gewond blijf ik achter<br \/>\nIk ga wat rusten<br \/>\nIk zal je mijn leed vertellen<br \/>\nAls je wil luisteren<\/p>\n<p>Eenzaamheid, ontferm je over mij<br \/>\nIk trakteer, ga zitten<br \/>\nEenzaamheid, ik heb je zolang niet meer gezien<br \/>\nLaten we klinken op het leven<br \/>\nLaten we klinken op het leven, eenzaamheid<\/p>\n<p>Gewond blijf ik achter<br \/>\nIk ga wat rusten<br \/>\nIk zal je mijn leed vertellen<br \/>\nAls je wil luisteren<br \/>\nEenzaamheid, ontferm je over mij<br \/>\nIk trakteer, ga zitten<br \/>\nEenzaamheid, ik heb je zolang niet meer gezien<br \/>\nLaten we klinken op het leven<br \/>\nLaten we klinken op het leven, eenzaamheid<\/p>\n<p>Laten we klinken op het leven<br \/>\nLaten we klinken op het leven, eenzaamheid<\/p>\n<\/div>\n<\/div>\n<p>[\/vc_column_text][\/vc_column][\/vc_row]<\/p>\n","protected":false},"excerpt":{"rendered":"<p>[vc_row][vc_column][vc_column_text] Soledad, tanto tiempo no te v\u00ed Soledad, ya no te reconoc\u00ed Soledad, en malos tiempos est\u00e1s aqu\u00ed Me duele [&hellip;]<\/p>\n","protected":false},"author":1,"featured_media":0,"parent":56,"menu_order":4,"comment_status":"closed","ping_status":"closed","template":"","meta":{"ngg_post_thumbnail":0,"footnotes":""},"_links":{"self":[{"href":"https:\/\/www.leflamand-band.com\/index.php\/wp-json\/wp\/v2\/pages\/8546"}],"collection":[{"href":"https:\/\/www.leflamand-band.com\/index.php\/wp-json\/wp\/v2\/pages"}],"about":[{"href":"https:\/\/www.leflamand-band.com\/index.php\/wp-json\/wp\/v2\/types\/page"}],"author":[{"embeddable":true,"href":"https:\/\/www.leflamand-band.com\/index.php\/wp-json\/wp\/v2\/users\/1"}],"replies":[{"embeddable":true,"href":"https:\/\/www.leflamand-band.com\/index.php\/wp-json\/wp\/v2\/comments?post=8546"}],"version-history":[{"count":2,"href":"https:\/\/www.leflamand-band.com\/index.php\/wp-json\/wp\/v2\/pages\/8546\/revisions"}],"predecessor-version":[{"id":8565,"href":"https:\/\/www.leflamand-band.com\/index.php\/wp-json\/wp\/v2\/pages\/8546\/revisions\/8565"}],"up":[{"embeddable":true,"href":"https:\/\/www.leflamand-band.com\/index.php\/wp-json\/wp\/v2\/pages\/56"}],"wp:attachment":[{"href":"https:\/\/www.leflamand-band.com\/index.php\/wp-json\/wp\/v2\/media?parent=8546"}],"curies":[{"name":"wp","href":"https:\/\/api.w.org\/{rel}","templated":true}]}}