{"id":8550,"date":"2019-07-19T20:13:17","date_gmt":"2019-07-19T20:13:17","guid":{"rendered":"https:\/\/www.leflamand-band.com\/?page_id=8550"},"modified":"2019-07-19T22:58:02","modified_gmt":"2019-07-19T22:58:02","slug":"port-cros-le-soir","status":"publish","type":"page","link":"https:\/\/www.leflamand-band.com\/index.php\/lyrics\/port-cros-le-soir\/","title":{"rendered":"Port-Cros, le soir"},"content":{"rendered":"<p>[vc_row][vc_column][vc_column_text]<\/p>\n<div class=\"wp-block-columns has-2-columns is-layout-flex wp-container-core-columns-is-layout-1 wp-block-columns-is-layout-flex\">\n<div class=\"wp-block-column is-layout-flow wp-block-column-is-layout-flow\">\n<p>Mer a trouv\u00e9 dans le vide<br \/>\nUn monceau de pierre ponce<br \/>\nUn \u2018v\u2019, \u00e0 l\u00e9cher, \u00e0 l\u00e2cher<\/p>\n<p>Un petit port pour les petits bateaux<br \/>\nQui y posent, mar\u00e9e basse, mar\u00e9e haute<br \/>\nEt dans le caf\u00e9, une guitare qui joue<br \/>\nSes trois accords bleus, une demi-heure d\u2019affil\u00e9e<\/p>\n<p>Ainsi, la m\u00e9lancolie se r\u00e9pand<br \/>\nA cause de ce trop de beaut\u00e9<br \/>\nAinsi, des fils t\u00e9l\u00e9phoniques<br \/>\nDistribuent de la distance<br \/>\nDes cordes t\u00e9l\u00e9phoniques<br \/>\nTouch\u00e9es par l\u2019archet du temps<\/p>\n<p>Et partout, il y a plus d\u2019ailleurs<br \/>\nPlus d\u2019ailleurs que de pr\u00e9sent<br \/>\nComme un chant<br \/>\nEt partout, il y a plus d\u2019ailleurs<br \/>\nPlus d\u2019ailleurs que de pr\u00e9sent<\/p>\n<p>Ainsi, la m\u00e9lancolie se r\u00e9pand<br \/>\nA cause de ce trop de beaut\u00e9<br \/>\nAinsi, des fils t\u00e9l\u00e9phoniques<br \/>\nDistribuent de la distance<\/p>\n<p>Des cordes t\u00e9l\u00e9foniques<br \/>\nTouch\u00e9es par l\u2019archet du temps<br \/>\nEt partout, il y a plus d\u2019ailleurs<br \/>\nPlus d\u2019ailleurs que de pr\u00e9sent<br \/>\nComme un chant<\/p>\n<p>Et partout, il y a plus d\u2019ailleurs<br \/>\nPlus d\u2019ailleurs que de pr\u00e9sent<br \/>\nMer a trouv\u00e9 dans le vide,<br \/>\nUn monceau de pierre ponce<br \/>\nUn \u2018v\u2019, \u00e0 l\u00e9cher, \u00e0 l\u00e2cher&#8230;<\/p>\n\n<\/div>\n\n<div class=\"wp-block-column\">\n<p>Zee heeft in het niets een<br \/>\nEen puimsteenhoop gevonden<br \/>\nOm in en uit te gaan, een \u2018v\u2019<\/p>\n<p>Een haventje. Scheepjes poseren<br \/>\nBij hoog en bij laag.<br \/>\nIn het caf\u00e9 speelt een gitaar<br \/>\nEen half uur lang drie blauwe akkoorden<\/p>\n<p>Zo hangt er melancholie over de wereld<br \/>\nOmdat die eigenlijk veel te mooi is<br \/>\nZo delen telefoondraden<br \/>\nAfstand uit.<br \/>\nTelefoonsnaren. Beroerd door<br \/>\nDe strijkstok van de tijd<\/p>\n<p>En er is overal meer ginder<br \/>\nDan hier (nu),<br \/>\nZoals in een lied<br \/>\nEn er is overal meer ginder<br \/>\nDan hier (nu)<\/p>\n<p>Zo hangt er melancholie over de wereld<br \/>\nOmdat die eigenlijk veel te mooi is<br \/>\nZo delen telefoondraden<br \/>\nAfstand uit.<\/p>\n<p>Telefoonsnaren. Beroerd<br \/>\nDe strijkstok van de tijd<br \/>\nEn er is overal meer ginder<br \/>\nDan hier (nu),<br \/>\nZoals in een lied<\/p>\n<p>Er is overal meer ginder<br \/>\nDan hier (nu)<br \/>\nZee heeft in het niets een<br \/>\nEen puimsteenhoop gevonden<br \/>\nOm in en uit te gaan, een \u2018v\u2019&#8230;<\/p>\n<\/div>\n<\/div>\n<p>[\/vc_column_text][\/vc_column][\/vc_row]<\/p>\n","protected":false},"excerpt":{"rendered":"<p>[vc_row][vc_column][vc_column_text] Mer a trouv\u00e9 dans le vide Un monceau de pierre ponce Un \u2018v\u2019, \u00e0 l\u00e9cher, \u00e0 l\u00e2cher Un petit [&hellip;]<\/p>\n","protected":false},"author":1,"featured_media":0,"parent":56,"menu_order":7,"comment_status":"closed","ping_status":"closed","template":"","meta":{"ngg_post_thumbnail":0,"footnotes":""},"_links":{"self":[{"href":"https:\/\/www.leflamand-band.com\/index.php\/wp-json\/wp\/v2\/pages\/8550"}],"collection":[{"href":"https:\/\/www.leflamand-band.com\/index.php\/wp-json\/wp\/v2\/pages"}],"about":[{"href":"https:\/\/www.leflamand-band.com\/index.php\/wp-json\/wp\/v2\/types\/page"}],"author":[{"embeddable":true,"href":"https:\/\/www.leflamand-band.com\/index.php\/wp-json\/wp\/v2\/users\/1"}],"replies":[{"embeddable":true,"href":"https:\/\/www.leflamand-band.com\/index.php\/wp-json\/wp\/v2\/comments?post=8550"}],"version-history":[{"count":2,"href":"https:\/\/www.leflamand-band.com\/index.php\/wp-json\/wp\/v2\/pages\/8550\/revisions"}],"predecessor-version":[{"id":8567,"href":"https:\/\/www.leflamand-band.com\/index.php\/wp-json\/wp\/v2\/pages\/8550\/revisions\/8567"}],"up":[{"embeddable":true,"href":"https:\/\/www.leflamand-band.com\/index.php\/wp-json\/wp\/v2\/pages\/56"}],"wp:attachment":[{"href":"https:\/\/www.leflamand-band.com\/index.php\/wp-json\/wp\/v2\/media?parent=8550"}],"curies":[{"name":"wp","href":"https:\/\/api.w.org\/{rel}","templated":true}]}}