{"id":8552,"date":"2019-07-19T20:13:29","date_gmt":"2019-07-19T20:13:29","guid":{"rendered":"https:\/\/www.leflamand-band.com\/?page_id=8552"},"modified":"2019-07-19T22:57:23","modified_gmt":"2019-07-19T22:57:23","slug":"champs-jaunes-de-colza","status":"publish","type":"page","link":"https:\/\/www.leflamand-band.com\/index.php\/lyrics\/champs-jaunes-de-colza\/","title":{"rendered":"Champs jaunes de colza"},"content":{"rendered":"<p>[vc_row][vc_column][vc_column_text]<\/p>\n<div class=\"wp-block-columns has-2-columns is-layout-flex wp-container-core-columns-is-layout-1 wp-block-columns-is-layout-flex\">\n<div class=\"wp-block-column is-layout-flow wp-block-column-is-layout-flow\">\n<p>Dans ces champs<br \/>\nCes champs jaunes de colza<br \/>\nQui d\u00e9bordent de printemps<br \/>\nDans ces champs<br \/>\nCes champs jaunes de colza<br \/>\nJe me r\u00e9fugie commme un enfant<\/p>\n<p>Dans ces champs<br \/>\nCes champs jaunes de colza<br \/>\nM\u00eame les hameaux les plus gris\u00e2tres<br \/>\nChangent leurs draps<br \/>\nDans ces champs<br \/>\nCes champs jaunes de colza<br \/>\nL\u2019immensit\u00e9 fleurit, \u00e9l\u00e8ve sa voix<\/p>\n<p>Dans ces champs<br \/>\nCes champs jaunes de colza<br \/>\nCes tournesols timides du Nord<br \/>\nDans ces champs<br \/>\nCes champs jaunes de colza<br \/>\nL\u00e0, je m\u2019\u00e9gare sans effort<\/p>\n<p>Dans ces champs<br \/>\nCes champs jaunes de colza<br \/>\nM\u00eame le ciel le plus sinistre,<br \/>\nDissout, s\u2019en va<br \/>\nDans ces champs<br \/>\nCes champs jaunes de colza<br \/>\nTu m\u2019as aim\u00e9, touch\u00e9, tant de fois<\/p>\n\n<\/div>\n\n<div class=\"wp-block-column\">\n<p>In die velden<br \/>\nDie gele velden van koolzaad<br \/>\nDie overlopen van lente<br \/>\nIn die velden<br \/>\nDie gele velden van koolzaad<br \/>\nDaar schuil ik als een kind<\/p>\n<p>In die velden<br \/>\nDie gele velden van koolzaad<br \/>\nVeranderen zelfs de meest grijze<br \/>\nGehuchten van beddegoed<br \/>\nIn die velden<br \/>\nDie gele velden van koolzaad<br \/>\nDaar bloeit grootsheid, verheft ze haar stem<\/p>\n<p>In die velden<br \/>\nDie gele velden van koolzaad<br \/>\nDie verlegen zonnebloemen van het noorden<br \/>\nIn die velden<br \/>\nDie gele velden van koolzaad<br \/>\nDaar verdwaal ik moeiteloos<\/p>\n<p>In die velden<br \/>\nDie gele velden van koolzaad<br \/>\nLost zelfs de meest<br \/>\nOnheilspellende hemel op en vervliegt<br \/>\nIn die velden<br \/>\nDie gele velden van koolzaad<br \/>\nHeb je me bemind en zo vaak aangeraakt<\/p>\n<\/div>\n<\/div>\n<p>[\/vc_column_text][\/vc_column][\/vc_row]<\/p>\n","protected":false},"excerpt":{"rendered":"<p>[vc_row][vc_column][vc_column_text] Dans ces champs Ces champs jaunes de colza Qui d\u00e9bordent de printemps Dans ces champs Ces champs jaunes de [&hellip;]<\/p>\n","protected":false},"author":1,"featured_media":0,"parent":56,"menu_order":6,"comment_status":"closed","ping_status":"closed","template":"","meta":{"ngg_post_thumbnail":0,"footnotes":""},"_links":{"self":[{"href":"https:\/\/www.leflamand-band.com\/index.php\/wp-json\/wp\/v2\/pages\/8552"}],"collection":[{"href":"https:\/\/www.leflamand-band.com\/index.php\/wp-json\/wp\/v2\/pages"}],"about":[{"href":"https:\/\/www.leflamand-band.com\/index.php\/wp-json\/wp\/v2\/types\/page"}],"author":[{"embeddable":true,"href":"https:\/\/www.leflamand-band.com\/index.php\/wp-json\/wp\/v2\/users\/1"}],"replies":[{"embeddable":true,"href":"https:\/\/www.leflamand-band.com\/index.php\/wp-json\/wp\/v2\/comments?post=8552"}],"version-history":[{"count":2,"href":"https:\/\/www.leflamand-band.com\/index.php\/wp-json\/wp\/v2\/pages\/8552\/revisions"}],"predecessor-version":[{"id":8568,"href":"https:\/\/www.leflamand-band.com\/index.php\/wp-json\/wp\/v2\/pages\/8552\/revisions\/8568"}],"up":[{"embeddable":true,"href":"https:\/\/www.leflamand-band.com\/index.php\/wp-json\/wp\/v2\/pages\/56"}],"wp:attachment":[{"href":"https:\/\/www.leflamand-band.com\/index.php\/wp-json\/wp\/v2\/media?parent=8552"}],"curies":[{"name":"wp","href":"https:\/\/api.w.org\/{rel}","templated":true}]}}