{"id":8560,"date":"2019-07-19T20:14:20","date_gmt":"2019-07-19T20:14:20","guid":{"rendered":"https:\/\/www.leflamand-band.com\/?page_id=8560"},"modified":"2019-07-19T22:58:13","modified_gmt":"2019-07-19T22:58:13","slug":"vive-la-mer-doree","status":"publish","type":"page","link":"https:\/\/www.leflamand-band.com\/index.php\/lyrics\/vive-la-mer-doree\/","title":{"rendered":"Vive la mer dor\u00e9e"},"content":{"rendered":"<p>[vc_row][vc_column][vc_column_text]<\/p>\n<div class=\"wp-block-columns has-2-columns is-layout-flex wp-container-core-columns-is-layout-1 wp-block-columns-is-layout-flex\">\n<div class=\"wp-block-column is-layout-flow wp-block-column-is-layout-flow\">\n<p>La lune a l\u2019air d\u2019un Gille<br \/>\nEt les noceurs n\u00e9cessiteux<br \/>\nSortent de leurs cages<br \/>\nTent\u00e9s par la lueur du centre-ville<br \/>\nPour s\u2019adonner \u00e0 ses breuvages<\/p>\n<p>La belle serveuse bien fournie<br \/>\nSourit, fait \u00e9talage de tous ses charmes<br \/>\nMais tous ceux qui lui pincent les fesses<br \/>\nSeront griff\u00e9s, pleurant \u00e0 chaudes larmes<\/p>\n<p>Les tables, le comptoir ont plut\u00f4t l\u2019air<br \/>\nD\u2019un bateau-feu qui roule des vagues<br \/>\nPeupl\u00e9 de femmes l\u00e9g\u00e8res et de marins<br \/>\nQui s\u2019y accrochent, li\u00e9s sans bague<br \/>\nQuand l\u2019amiral barbu, qui est \u00e0 la barre<br \/>\nSonne la clochette, c\u2019est la roulette<br \/>\nEt les so\u00fblards trop so\u00fbls qui tombent du bord<br \/>\nFinissent la t\u00eate dans les toilettes<\/p>\n<p>Vive, vive la mer dor\u00e9e qui nous lessive<br \/>\nVive le grain germ\u00e9 qui nous enivre<br \/>\nQui nous rend plus gais<br \/>\nQui transforme les femmes trop laides<br \/>\nEn de grosses beaut\u00e9s<\/p>\n<p>Vive, vive la mer dor\u00e9e qui nous lessive<br \/>\nQui nous fait r\u00eaver des Iles Maldives<br \/>\nEt qui nous fait ronfler<br \/>\nQui nous vide la t\u00eate<br \/>\nJusqu\u2019 au moment de se lever<\/p>\n<p>Une chaise s\u2019envole dans l\u2019air<br \/>\nPour contester le jeu horrible de la bande<br \/>\nLe vieux P\u00e9trus, il cherche son oeil en verre<br \/>\nFouillant le buste de Yolande<\/p>\n<p>Qui l\u2019a laiss\u00e9 tomber dans la grande chope<br \/>\nDe son mari, t\u00e2tant Pauline<br \/>\nLui, tout \u00e0 coup, devient un tout petit bleu<br \/>\nL\u00e2chant l\u2019arri\u00e8re de sa voisine<\/p>\n<p>La belle serveuse bien fournie<br \/>\nRegarde avec m\u00e9pris au fond la peste<br \/>\nElle a exactement une heure<br \/>\nPour nettoyer cette \u00e9curie de restes<br \/>\nDe jour, elle semble moins jolie<br \/>\nSes yeux cern\u00e9s lui sortent des orbites<br \/>\nMaintenant, on p\u00e8te enore au lit<br \/>\nMais tout \u00e0 l\u2019heure, on va quitter nos g\u00eetes<\/p>\n<p>Vive, vive la mer dor\u00e9e qui nous lessive<br \/>\nVive le grain germ\u00e9 qui nous enivre<br \/>\nQui nous rend plus gais<br \/>\nQui transforme les femmes trop laides<br \/>\nEn de grosses beaut\u00e9s<\/p>\n<p>Vive, vive la mer dor\u00e9e qui nous lessive<br \/>\nQui nous fait r\u00eaver des Iles Maldives<br \/>\nEt qui nous fait ronfler<br \/>\nQui nous vide la t\u00eate<br \/>\nJusqu\u2019 au moment de se lever<\/p>\n<p>Vive&#8230;\u00a0!<\/p>\n\n<\/div>\n\n<div class=\"wp-block-column\">\n<p>De maan lijkt op een \u2018Gille\u2019(\u2018de Binche\u2019!)<br \/>\nEn de behoeftige nachtraven<br \/>\nKomen uit hun kooien tevoorschijn<br \/>\nVerleid door de gloed van het stadcentrum<br \/>\nOm zich te bezatten aan haar brouwsels<\/p>\n<p>De mooie, goed voorziene dienster<br \/>\nGlimlacht, etaleert al haar bevalligheid<br \/>\nMaar iedereen die in haar billen knijpt<br \/>\nZal gekrabd worden, hete tranen huilend<\/p>\n<p>De tafels en de toog lijken eerder<br \/>\nOp een zwalpend lichtschip waar<br \/>\nLichtekooien en zeelieden, zonder ring<br \/>\nVerbonden, zich vastklampen aan hun zonden<br \/>\nAls de bebaarde admiraal aan het roer<br \/>\nDe bel luidt, dan begint het te stormen<br \/>\nDe te zatte dronkelappen die overboord slaan<br \/>\nKomen dan met hun hoofd in het toilet terecht<\/p>\n<p>Lang leve de gouden zee die ons uitput<br \/>\nLang leve het gerstenat dat ons benevelt<br \/>\nDat ons vrolijker maakt<br \/>\nDat de te lelijke vrouwen omtovert<br \/>\nTot oogverblindende schoonheden<\/p>\n<p>Lang leve de gouden zee die ons uitput<br \/>\nDie ons doet dromen van de Malediven<br \/>\nEn die ons doet snurken<br \/>\nDie ons hoofd leegmaakt<br \/>\nTot op het moment dat we moeten opstaan<\/p>\n<p>Een stoel vliegt door de lucht<br \/>\nAls protest tegen de slechte muziekband<br \/>\nDe oude Petrus zoekt zijn glazen oog<br \/>\nTussen de borsten van Yolande<\/p>\n<p>Die het heeft laten vallen in het halfliterglas<br \/>\nVan haar man, die aan Pauline zit<br \/>\nDie plotseling een beetje blauw wordt<br \/>\nEn het achterwerk van zijn buurvrouw loslaat<\/p>\n<p>De mooie, goed voorziene dienster<br \/>\nKijkt misprijzend naar de varkensstal<br \/>\nZe heeft exact een uur<br \/>\nOm deze zwijnenstal op te ruimen<br \/>\nBij daglicht lijkt ze minder mooi<br \/>\nMet wallen en uitpuilende ogen<br \/>\nNu ruften we nog in ons bed<br \/>\nMaar straks kruipen we weer uit onze holen<\/p>\n<p>Lang leve de gouden zee die ons uitput<br \/>\nLang leve het gerstenat dat ons benevelt<br \/>\nDat ons vrolijker maakt<br \/>\nDat de te lelijke vrouwen omtovert<br \/>\nTot oogverblindende schoonheden<\/p>\n<p>Lang leve de gouden zee die ons uitput<br \/>\nDie ons doet dromen van de Malediven<br \/>\nEn die ons doet snurken<br \/>\nDie ons hoofd leegmaakt<br \/>\nTot op het moment dat we moeten opstaan<\/p>\n<\/div>\n<\/div>\n<p>[\/vc_column_text][\/vc_column][\/vc_row]<\/p>\n","protected":false},"excerpt":{"rendered":"<p>[vc_row][vc_column][vc_column_text] La lune a l\u2019air d\u2019un Gille Et les noceurs n\u00e9cessiteux Sortent de leurs cages Tent\u00e9s par la lueur du [&hellip;]<\/p>\n","protected":false},"author":1,"featured_media":0,"parent":56,"menu_order":11,"comment_status":"closed","ping_status":"closed","template":"","meta":{"ngg_post_thumbnail":0,"footnotes":""},"_links":{"self":[{"href":"https:\/\/www.leflamand-band.com\/index.php\/wp-json\/wp\/v2\/pages\/8560"}],"collection":[{"href":"https:\/\/www.leflamand-band.com\/index.php\/wp-json\/wp\/v2\/pages"}],"about":[{"href":"https:\/\/www.leflamand-band.com\/index.php\/wp-json\/wp\/v2\/types\/page"}],"author":[{"embeddable":true,"href":"https:\/\/www.leflamand-band.com\/index.php\/wp-json\/wp\/v2\/users\/1"}],"replies":[{"embeddable":true,"href":"https:\/\/www.leflamand-band.com\/index.php\/wp-json\/wp\/v2\/comments?post=8560"}],"version-history":[{"count":2,"href":"https:\/\/www.leflamand-band.com\/index.php\/wp-json\/wp\/v2\/pages\/8560\/revisions"}],"predecessor-version":[{"id":8572,"href":"https:\/\/www.leflamand-band.com\/index.php\/wp-json\/wp\/v2\/pages\/8560\/revisions\/8572"}],"up":[{"embeddable":true,"href":"https:\/\/www.leflamand-band.com\/index.php\/wp-json\/wp\/v2\/pages\/56"}],"wp:attachment":[{"href":"https:\/\/www.leflamand-band.com\/index.php\/wp-json\/wp\/v2\/media?parent=8560"}],"curies":[{"name":"wp","href":"https:\/\/api.w.org\/{rel}","templated":true}]}}